{"id":4116,"date":"2017-06-28T19:38:34","date_gmt":"2017-06-28T18:38:34","guid":{"rendered":"http:\/\/www.cheminsplestinais.dcea.fr\/?page_id=4116"},"modified":"2017-06-28T19:39:57","modified_gmt":"2017-06-28T18:39:57","slug":"les-biscuits-au-chocolat-de-martine","status":"publish","type":"page","link":"https:\/\/cheminsplestinais.dcea.fr\/?page_id=4116","title":{"rendered":"Le biscuit-chocolat de Martine"},"content":{"rendered":"<p><span style=\"color: #003300;\"><em>\u00a0&#8211; un paquet de \u00ab\u00a0petits Bruns\u00a0\u00bb :\u00a0 on en utilise 3 piles sur 4<\/em><\/span><br \/>\n<span style=\"color: #003300;\"><em>\u00a0&#8211; 200 gr de chocolat noir<\/em><\/span><br \/>\n<span style=\"color: #003300;\"><em> &#8211; 150 gr de beurre<\/em><\/span><br \/>\n<span style=\"color: #003300;\"><em> &#8211; 120 gr de sucre semoule<\/em><\/span><br \/>\n<span style=\"color: #003300;\"><em> &#8211; 1 \u0153uf.<\/em><\/span><\/p>\n<p><span style=\"color: #003300;\"><em>Casser finement (mais pas trop) les biscuits dans un saladier.<\/em><\/span><br \/>\n<span style=\"color: #003300;\"><em> Dans un autre saladier, battre l\u2019\u0153uf entier avec le sucre semoule = 1er appareil.<\/em><\/span><br \/>\n<span style=\"color: #003300;\"><em> Par ailleurs, faire fondre\u00a0 le chocolat coup\u00e9 en petits morceaux avec le beurre ; quand c&rsquo;est fondu, le m\u00e9langer avec le 1er appareil.<\/em><\/span><br \/>\n<span style=\"color: #003300;\"><em> Puis verser ce m\u00e9lange sur les petits morceaux de biscuits ; bien m\u00e9langer avec d\u00e9licatesse.<\/em><\/span><br \/>\n<span style=\"color: #003300;\"><em> Verser dans un <u>petit<\/u> moule \u00e0 cake. C&rsquo;est termin\u00e9!<\/em><\/span><br \/>\n<span style=\"color: #003300;\"><em> Mettre une nuit au r\u00e9frig\u00e9rateur.<\/em><\/span><br \/>\n<span style=\"color: #003300;\"><em> Vous pourrez faire 16 \u00e0 20 tranches fines.<\/em><\/span><\/p>\n<p><span style=\"color: #003300;\"><em>Le plus ennuyeux : les 3 saladiers \u00e0 laver !! Mais il y e<\/em>n <em>a 2 bons \u00e0 l\u00e9cher !<\/em><\/span><\/p>\n<p>Merci \u00e0 elle &#8230; et \u00e0 vos batteurs !<\/p>\n","protected":false},"excerpt":{"rendered":"<p>\u00a0&#8211; un paquet de \u00ab\u00a0petits Bruns\u00a0\u00bb :\u00a0 on en utilise 3 piles sur 4 \u00a0&#8211; 200 gr de chocolat noir &#8211; 150 gr de beurre &#8211; 120 gr de sucre semoule &#8211; 1 \u0153uf. Casser finement (mais pas trop) les biscuits dans un saladier. Dans un autre saladier, battre l\u2019\u0153uf entier avec le sucre semoule [&hellip;]<\/p>\n","protected":false},"author":1,"featured_media":0,"parent":0,"menu_order":0,"comment_status":"closed","ping_status":"closed","template":"","meta":{"footnotes":""},"_links":{"self":[{"href":"https:\/\/cheminsplestinais.dcea.fr\/index.php?rest_route=\/wp\/v2\/pages\/4116"}],"collection":[{"href":"https:\/\/cheminsplestinais.dcea.fr\/index.php?rest_route=\/wp\/v2\/pages"}],"about":[{"href":"https:\/\/cheminsplestinais.dcea.fr\/index.php?rest_route=\/wp\/v2\/types\/page"}],"author":[{"embeddable":true,"href":"https:\/\/cheminsplestinais.dcea.fr\/index.php?rest_route=\/wp\/v2\/users\/1"}],"replies":[{"embeddable":true,"href":"https:\/\/cheminsplestinais.dcea.fr\/index.php?rest_route=%2Fwp%2Fv2%2Fcomments&post=4116"}],"version-history":[{"count":2,"href":"https:\/\/cheminsplestinais.dcea.fr\/index.php?rest_route=\/wp\/v2\/pages\/4116\/revisions"}],"predecessor-version":[{"id":4118,"href":"https:\/\/cheminsplestinais.dcea.fr\/index.php?rest_route=\/wp\/v2\/pages\/4116\/revisions\/4118"}],"wp:attachment":[{"href":"https:\/\/cheminsplestinais.dcea.fr\/index.php?rest_route=%2Fwp%2Fv2%2Fmedia&parent=4116"}],"curies":[{"name":"wp","href":"https:\/\/api.w.org\/{rel}","templated":true}]}}