{"id":9112,"date":"2022-10-04T11:03:20","date_gmt":"2022-10-04T10:03:20","guid":{"rendered":"http:\/\/cheminsplestinais.dcea.fr\/?page_id=9112"},"modified":"2026-04-25T12:55:03","modified_gmt":"2026-04-25T11:55:03","slug":"chantier-a-venir","status":"publish","type":"page","link":"https:\/\/cheminsplestinais.dcea.fr\/?page_id=9112","title":{"rendered":"Chantiers \u00e0 venir"},"content":{"rendered":"\n<p><\/p>\n\n\n\n<p class=\"has-text-align-center\"><em><mark style=\"background-color:rgba(0, 0, 0, 0)\" class=\"has-inline-color has-black-color\">En cas de demande de pr\u00e9cision, vous pouvez adresser un mail ou t\u00e9l. \u00e0<\/mark><\/em><br> gildas : gmn.letroadec@kmel.bzh     06 14 11 65 77<mark style=\"background-color:rgba(0, 0, 0, 0)\" class=\"has-inline-color has-white-color\">.<\/mark><\/p>\n\n\n\n<p><\/p>\n\n\n\n<p><strong>8h30 <\/strong>:  <strong>rendez-vous habituel au local<\/strong>, <strong>rue de Poul Scornet<\/strong>.<\/p>\n\n\n\n<p><\/p>\n\n\n\n<p><\/p>\n\n\n\n<p><\/p>\n\n\n\n<figure class=\"wp-block-table is-style-stripes has-medium-font-size\"><table class=\"has-pale-cyan-blue-background-color has-background\"><thead><tr><th class=\"has-text-align-center\" data-align=\"center\"><strong><mark style=\"background-color:rgba(0, 0, 0, 0)\" class=\"has-inline-color has-vivid-red-color\">Date<\/mark><\/strong><\/th><th class=\"has-text-align-center\" data-align=\"center\">       <br>   <mark style=\"background-color:rgba(0, 0, 0, 0)\" class=\"has-inline-color has-vivid-red-color\">Lundi  27 AVRIL  2026<\/mark><br><\/th><th class=\"has-text-align-center\" data-align=\"center\"><br><\/th><th class=\"has-text-align-center\" data-align=\"center\"><\/th><\/tr><tr><th class=\"has-text-align-center\" data-align=\"center\">Lieu<\/th><th class=\"has-text-align-center\" data-align=\"center\">T\u00e2ches<\/th><th class=\"has-text-align-center\" data-align=\"center\">Nombre <\/th><th class=\"has-text-align-center\" data-align=\"center\">Mat\u00e9riel<\/th><\/tr><\/thead><tbody><tr><td class=\"has-text-align-center\" data-align=\"center\"><\/td><td class=\"has-text-align-center\" data-align=\"center\"><\/td><td class=\"has-text-align-center\" data-align=\"center\"><\/td><td class=\"has-text-align-center\" data-align=\"center\"><\/td><\/tr><tr><td class=\"has-text-align-center\" data-align=\"center\">Le Rest (peupleraie)<\/td><td class=\"has-text-align-center\" data-align=\"center\">poursuite \u00e9talement mat\u00e9riaux livr\u00e9s par la commune<\/td><td class=\"has-text-align-center\" data-align=\"center\">12\/15<\/td><td class=\"has-text-align-center\" data-align=\"center\">remorque, brouettes +++, r\u00e2teaux, pelles, 1 d\u00e9broussailleuse  <\/td><\/tr><tr><td class=\"has-text-align-center\" data-align=\"center\"><\/td><td class=\"has-text-align-center\" data-align=\"center\"><\/td><td class=\"has-text-align-center\" data-align=\"center\"><\/td><td class=\"has-text-align-center\" data-align=\"center\"><\/td><\/tr><tr><td class=\"has-text-align-center\" data-align=\"center\"><\/td><td class=\"has-text-align-center\" data-align=\"center\"><\/td><td class=\"has-text-align-center\" data-align=\"center\"><\/td><td class=\"has-text-align-center\" data-align=\"center\"><\/td><\/tr><tr><td class=\"has-text-align-center\" data-align=\"center\"><\/td><td class=\"has-text-align-center\" data-align=\"center\"><\/td><td class=\"has-text-align-center\" data-align=\"center\"><\/td><td class=\"has-text-align-center\" data-align=\"center\"><\/td><\/tr><tr><td class=\"has-text-align-center\" data-align=\"center\"><br>divers chemins <\/td><td class=\"has-text-align-center\" data-align=\"center\">balisage si besoin<\/td><td class=\"has-text-align-center\" data-align=\"center\">commission<\/td><td class=\"has-text-align-center\" data-align=\"center\"><\/td><\/tr><tr><td class=\"has-text-align-center\" data-align=\"center\"><\/td><td class=\"has-text-align-center\" data-align=\"center\"><\/td><td class=\"has-text-align-center\" data-align=\"center\"><\/td><td class=\"has-text-align-center\" data-align=\"center\"><\/td><\/tr><tr><td class=\"has-text-align-center\" data-align=\"center\">chemins au d\u00e9part  de l&rsquo;impasse de Kerlaouezan (en haut de la rue de Kervign\u00e9) vers la pin\u00e8de du Hogolo et vers la plage de Tossen ar C&rsquo;Hoz + chemin de Toul an Hent + si personnes disponibles autres chemins sur la corniche<\/td><td class=\"has-text-align-center\" data-align=\"center\">d\u00e9broussaillage <\/td><td class=\"has-text-align-center\" data-align=\"center\">8<\/td><td class=\"has-text-align-center\" data-align=\"center\">4  d\u00e9broussailleuses,  r\u00e2teaux, fourches<\/td><\/tr><tr><td class=\"has-text-align-center\" data-align=\"center\"><\/td><td class=\"has-text-align-center\" data-align=\"center\"><\/td><td class=\"has-text-align-center\" data-align=\"center\"><\/td><td class=\"has-text-align-center\" data-align=\"center\"><\/td><\/tr><tr><td class=\"has-text-align-center\" data-align=\"center\">Divers chemins <\/td><td class=\"has-text-align-center\" data-align=\"center\">\u00e9lagage branches basses, coupe bois<\/td><td class=\"has-text-align-center\" data-align=\"center\">BIR<\/td><td class=\"has-text-align-center\" data-align=\"center\">tron\u00e7onneuses, \u00e9lagueuses sur perche + taille-haie<\/td><\/tr><tr><td class=\"has-text-align-center\" data-align=\"center\"><br><br><\/td><td class=\"has-text-align-center\" data-align=\"center\">         <\/td><td class=\"has-text-align-center\" data-align=\"center\"><\/td><td class=\"has-text-align-center\" data-align=\"center\"><\/td><\/tr><tr><td class=\"has-text-align-center\" data-align=\"center\">parc An Dour Meur<\/td><td class=\"has-text-align-center\" data-align=\"center\">poursuite am\u00e9nagement    du site<\/td><td class=\"has-text-align-center\" data-align=\"center\">6\/ 7<\/td><td class=\"has-text-align-center\" data-align=\"center\">s\u00e9cateurs, pelles, pioches, b\u00eaches, r\u00e2teaux, brouette, remorque<\/td><\/tr><tr><td class=\"has-text-align-center\" data-align=\"center\"><\/td><td class=\"has-text-align-center\" data-align=\"center\">         <\/td><td class=\"has-text-align-center\" data-align=\"center\"><\/td><td class=\"has-text-align-center\" data-align=\"center\"><\/td><\/tr><tr><td class=\"has-text-align-center\" data-align=\"center\"><\/td><td class=\"has-text-align-center\" data-align=\"center\"><\/td><td class=\"has-text-align-center\" data-align=\"center\">            <\/td><td class=\"has-text-align-center\" data-align=\"center\"><\/td><\/tr><tr><td class=\"has-text-align-center\" data-align=\"center\"><\/td><td class=\"has-text-align-center\" data-align=\"center\"><\/td><td class=\"has-text-align-center\" data-align=\"center\"><\/td><td class=\"has-text-align-center\" data-align=\"center\"><\/td><\/tr><tr><td class=\"has-text-align-center\" data-align=\"center\"><\/td><td class=\"has-text-align-center\" data-align=\"center\"><\/td><td class=\"has-text-align-center\" data-align=\"center\"><\/td><td class=\"has-text-align-center\" data-align=\"center\"><\/td><\/tr><\/tbody><\/table><figcaption class=\"wp-element-caption\"><br><br><strong>11 h 45 : Ap\u00e9ro au local, anniversaires de Alain N. , Richard, Patrick P. <\/strong><br><br><br><strong><br><br><\/strong><\/figcaption><\/figure>\n\n\n\n<p><\/p>\n\n\n\n<p><\/p>\n\n\n\n<p><\/p>\n\n\n\n<p><\/p>\n\n\n\n<p><\/p>\n","protected":false},"excerpt":{"rendered":"<p>En cas de demande de pr\u00e9cision, vous pouvez adresser un mail ou t\u00e9l. \u00e0 gildas : gmn.letroadec@kmel.bzh 06 14 11 65 77. 8h30 : rendez-vous habituel au local, rue de Poul Scornet. Date Lundi 27 AVRIL 2026 Lieu T\u00e2ches Nombre Mat\u00e9riel Le Rest (peupleraie) poursuite \u00e9talement mat\u00e9riaux livr\u00e9s par la commune 12\/15 remorque, brouettes +++, [&hellip;]<\/p>\n","protected":false},"author":1,"featured_media":0,"parent":0,"menu_order":0,"comment_status":"closed","ping_status":"closed","template":"","meta":{"footnotes":""},"_links":{"self":[{"href":"https:\/\/cheminsplestinais.dcea.fr\/index.php?rest_route=\/wp\/v2\/pages\/9112"}],"collection":[{"href":"https:\/\/cheminsplestinais.dcea.fr\/index.php?rest_route=\/wp\/v2\/pages"}],"about":[{"href":"https:\/\/cheminsplestinais.dcea.fr\/index.php?rest_route=\/wp\/v2\/types\/page"}],"author":[{"embeddable":true,"href":"https:\/\/cheminsplestinais.dcea.fr\/index.php?rest_route=\/wp\/v2\/users\/1"}],"replies":[{"embeddable":true,"href":"https:\/\/cheminsplestinais.dcea.fr\/index.php?rest_route=%2Fwp%2Fv2%2Fcomments&post=9112"}],"version-history":[{"count":208,"href":"https:\/\/cheminsplestinais.dcea.fr\/index.php?rest_route=\/wp\/v2\/pages\/9112\/revisions"}],"predecessor-version":[{"id":11572,"href":"https:\/\/cheminsplestinais.dcea.fr\/index.php?rest_route=\/wp\/v2\/pages\/9112\/revisions\/11572"}],"wp:attachment":[{"href":"https:\/\/cheminsplestinais.dcea.fr\/index.php?rest_route=%2Fwp%2Fv2%2Fmedia&parent=9112"}],"curies":[{"name":"wp","href":"https:\/\/api.w.org\/{rel}","templated":true}]}}